{"id":29249,"date":"2026-02-19T17:30:11","date_gmt":"2026-02-19T22:30:11","guid":{"rendered":"https:\/\/siminovitchprize.com\/?page_id=29249"},"modified":"2026-02-19T17:31:41","modified_gmt":"2026-02-19T22:31:41","slug":"past-recipients-2","status":"publish","type":"page","link":"https:\/\/siminovitchprize.com\/fr\/past-recipients-2\/","title":{"rendered":"Past Recipients 2"},"content":{"rendered":"","protected":false},"excerpt":{"rendered":"","protected":false},"author":9,"featured_media":0,"parent":0,"menu_order":0,"comment_status":"closed","ping_status":"closed","template":"elementor_header_footer","meta":{"_acf_changed":false,"footnotes":""},"class_list":["post-29249","page","type-page","status-publish","hentry"],"acf":[],"yoast_head":"<!-- This site is optimized with the Yoast SEO plugin v27.3 - https:\/\/yoast.com\/product\/yoast-seo-wordpress\/ -->\n<title>Past Recipients 2 - Siminovitch Theatre Foundation<\/title>\n<meta name=\"robots\" content=\"index, follow, max-snippet:-1, max-image-preview:large, max-video-preview:-1\" \/>\n<link rel=\"canonical\" href=\"https:\/\/siminovitchprize.com\/fr\/past-recipients-2\/\" \/>\n<meta property=\"og:locale\" content=\"fr_CA\" \/>\n<meta property=\"og:type\" content=\"article\" \/>\n<meta property=\"og:title\" content=\"Past Recipients 2 - Siminovitch Theatre Foundation\" \/>\n<meta property=\"og:url\" content=\"https:\/\/siminovitchprize.com\/fr\/past-recipients-2\/\" \/>\n<meta property=\"og:site_name\" content=\"Siminovitch Theatre Foundation\" \/>\n<meta property=\"article:modified_time\" content=\"2026-02-19T22:31:41+00:00\" \/>\n<meta name=\"twitter:card\" content=\"summary_large_image\" \/>\n<script type=\"application\/ld+json\" class=\"yoast-schema-graph\">{\"@context\":\"https:\\\/\\\/schema.org\",\"@graph\":[{\"@type\":\"WebPage\",\"@id\":\"https:\\\/\\\/siminovitchprize.com\\\/past-recipients-2\\\/\",\"url\":\"https:\\\/\\\/siminovitchprize.com\\\/past-recipients-2\\\/\",\"name\":\"Past Recipients 2 - Siminovitch Theatre Foundation\",\"isPartOf\":{\"@id\":\"https:\\\/\\\/siminovitchprize.com\\\/#website\"},\"datePublished\":\"2026-02-19T22:30:11+00:00\",\"dateModified\":\"2026-02-19T22:31:41+00:00\",\"breadcrumb\":{\"@id\":\"https:\\\/\\\/siminovitchprize.com\\\/past-recipients-2\\\/#breadcrumb\"},\"inLanguage\":\"fr-CA\",\"potentialAction\":[{\"@type\":\"ReadAction\",\"target\":[\"https:\\\/\\\/siminovitchprize.com\\\/past-recipients-2\\\/\"]}]},{\"@type\":\"BreadcrumbList\",\"@id\":\"https:\\\/\\\/siminovitchprize.com\\\/past-recipients-2\\\/#breadcrumb\",\"itemListElement\":[{\"@type\":\"ListItem\",\"position\":1,\"name\":\"Home\",\"item\":\"https:\\\/\\\/siminovitchprize.com\\\/\"},{\"@type\":\"ListItem\",\"position\":2,\"name\":\"Past Recipients 2\"}]},{\"@type\":\"WebSite\",\"@id\":\"https:\\\/\\\/siminovitchprize.com\\\/#website\",\"url\":\"https:\\\/\\\/siminovitchprize.com\\\/\",\"name\":\"Siminovitch Theatre Foundation\",\"description\":\"Uplifting Canada\u2019s Groundbreaking Theatre Artists\",\"potentialAction\":[{\"@type\":\"SearchAction\",\"target\":{\"@type\":\"EntryPoint\",\"urlTemplate\":\"https:\\\/\\\/siminovitchprize.com\\\/?s={search_term_string}\"},\"query-input\":{\"@type\":\"PropertyValueSpecification\",\"valueRequired\":true,\"valueName\":\"search_term_string\"}}],\"inLanguage\":\"fr-CA\"}]}<\/script>\n<!-- \/ Yoast SEO plugin. -->","yoast_head_json":{"title":"Past Recipients 2 - Siminovitch Theatre Foundation","robots":{"index":"index","follow":"follow","max-snippet":"max-snippet:-1","max-image-preview":"max-image-preview:large","max-video-preview":"max-video-preview:-1"},"canonical":"https:\/\/siminovitchprize.com\/fr\/past-recipients-2\/","og_locale":"fr_CA","og_type":"article","og_title":"Past Recipients 2 - Siminovitch Theatre Foundation","og_url":"https:\/\/siminovitchprize.com\/fr\/past-recipients-2\/","og_site_name":"Siminovitch Theatre Foundation","article_modified_time":"2026-02-19T22:31:41+00:00","twitter_card":"summary_large_image","schema":{"@context":"https:\/\/schema.org","@graph":[{"@type":"WebPage","@id":"https:\/\/siminovitchprize.com\/past-recipients-2\/","url":"https:\/\/siminovitchprize.com\/past-recipients-2\/","name":"Past Recipients 2 - Siminovitch Theatre Foundation","isPartOf":{"@id":"https:\/\/siminovitchprize.com\/#website"},"datePublished":"2026-02-19T22:30:11+00:00","dateModified":"2026-02-19T22:31:41+00:00","breadcrumb":{"@id":"https:\/\/siminovitchprize.com\/past-recipients-2\/#breadcrumb"},"inLanguage":"fr-CA","potentialAction":[{"@type":"ReadAction","target":["https:\/\/siminovitchprize.com\/past-recipients-2\/"]}]},{"@type":"BreadcrumbList","@id":"https:\/\/siminovitchprize.com\/past-recipients-2\/#breadcrumb","itemListElement":[{"@type":"ListItem","position":1,"name":"Home","item":"https:\/\/siminovitchprize.com\/"},{"@type":"ListItem","position":2,"name":"Past Recipients 2"}]},{"@type":"WebSite","@id":"https:\/\/siminovitchprize.com\/#website","url":"https:\/\/siminovitchprize.com\/","name":"La Fondation de th\u00e9\u00e2tre Siminovitch","description":"Sublimant les artistes de th\u00e9\u00e2tre innovateurs du Canada","potentialAction":[{"@type":"SearchAction","target":{"@type":"EntryPoint","urlTemplate":"https:\/\/siminovitchprize.com\/?s={search_term_string}"},"query-input":{"@type":"PropertyValueSpecification","valueRequired":true,"valueName":"search_term_string"}}],"inLanguage":"fr-CA"}]}},"_links":{"self":[{"href":"https:\/\/siminovitchprize.com\/fr\/wp-json\/wp\/v2\/pages\/29249","targetHints":{"allow":["GET"]}}],"collection":[{"href":"https:\/\/siminovitchprize.com\/fr\/wp-json\/wp\/v2\/pages"}],"about":[{"href":"https:\/\/siminovitchprize.com\/fr\/wp-json\/wp\/v2\/types\/page"}],"author":[{"embeddable":true,"href":"https:\/\/siminovitchprize.com\/fr\/wp-json\/wp\/v2\/users\/9"}],"replies":[{"embeddable":true,"href":"https:\/\/siminovitchprize.com\/fr\/wp-json\/wp\/v2\/comments?post=29249"}],"version-history":[{"count":2,"href":"https:\/\/siminovitchprize.com\/fr\/wp-json\/wp\/v2\/pages\/29249\/revisions"}],"predecessor-version":[{"id":29251,"href":"https:\/\/siminovitchprize.com\/fr\/wp-json\/wp\/v2\/pages\/29249\/revisions\/29251"}],"wp:attachment":[{"href":"https:\/\/siminovitchprize.com\/fr\/wp-json\/wp\/v2\/media?parent=29249"}],"curies":[{"name":"wp","href":"https:\/\/api.w.org\/{rel}","templated":true}]}}