{"id":3,"date":"2023-08-21T13:57:06","date_gmt":"2023-08-21T13:57:06","guid":{"rendered":"https:\/\/siminovitchprize.com\/?page_id=3"},"modified":"2026-01-28T15:32:12","modified_gmt":"2026-01-28T20:32:12","slug":"privacy-policy-siminovitch-prize-pipeda-compliance","status":"publish","type":"page","link":"https:\/\/siminovitchprize.com\/fr\/privacy-policy-siminovitch-prize-pipeda-compliance\/","title":{"rendered":"Politique d'accessibilit\u00e9"},"content":{"rendered":"<div data-elementor-type=\"wp-page\" data-elementor-id=\"3\" class=\"elementor elementor-3\" data-elementor-post-type=\"page\">\n\t\t\t\t\t\t<section class=\"elementor-section elementor-top-section elementor-element elementor-element-fce10cb elementor-section-height-min-height elementor-section-boxed elementor-section-height-default elementor-section-items-middle\" data-id=\"fce10cb\" data-element_type=\"section\" data-e-type=\"section\" data-settings=\"{&quot;background_background&quot;:&quot;classic&quot;}\">\n\t\t\t\t\t\t<div class=\"elementor-container elementor-column-gap-default\">\n\t\t\t\t\t<div class=\"elementor-column elementor-col-50 elementor-top-column elementor-element elementor-element-2a547b8\" data-id=\"2a547b8\" data-element_type=\"column\" data-e-type=\"column\">\n\t\t\t<div class=\"elementor-widget-wrap elementor-element-populated\">\n\t\t\t\t\t\t<div class=\"elementor-element elementor-element-84ef6ea elementor-widget elementor-widget-heading\" data-id=\"84ef6ea\" data-element_type=\"widget\" data-e-type=\"widget\" data-widget_type=\"heading.default\">\n\t\t\t\t<div class=\"elementor-widget-container\">\n\t\t\t\t\t<h1 class=\"elementor-heading-title elementor-size-default\">Politique d'accessibilit\u00e9<\/h1>\t\t\t\t<\/div>\n\t\t\t\t<\/div>\n\t\t\t\t<div class=\"elementor-element elementor-element-c33eb4d elementor-hidden-desktop elementor-hidden-tablet elementor-hidden-mobile elementor-widget elementor-widget-text-editor\" data-id=\"c33eb4d\" data-element_type=\"widget\" data-e-type=\"widget\" data-widget_type=\"text-editor.default\">\n\t\t\t\t<div class=\"elementor-widget-container\">\n\t\t\t\t\t\t\t\t\t<p>Image\u00a0: Nom, Titre, Description<\/p>\t\t\t\t\t\t\t\t<\/div>\n\t\t\t\t<\/div>\n\t\t\t\t\t<\/div>\n\t\t<\/div>\n\t\t\t\t<div class=\"elementor-column elementor-col-50 elementor-top-column elementor-element elementor-element-0bce429 elementor-hidden-mobile\" data-id=\"0bce429\" data-element_type=\"column\" data-e-type=\"column\">\n\t\t\t<div class=\"elementor-widget-wrap elementor-element-populated\">\n\t\t\t\t\t\t<div class=\"elementor-element elementor-element-15db19b elementor-absolute vertical elementor-widget elementor-widget-text-editor\" data-id=\"15db19b\" data-element_type=\"widget\" data-e-type=\"widget\" data-settings=\"{&quot;_position&quot;:&quot;absolute&quot;}\" data-widget_type=\"text-editor.default\">\n\t\t\t\t<div class=\"elementor-widget-container\">\n\t\t\t\t\t\t\t\t\t<p><a href=\"#first_section\">D\u00e9filer vers le bas\u00a0 \u00a0 \u2192<\/a><\/p>\t\t\t\t\t\t\t\t<\/div>\n\t\t\t\t<\/div>\n\t\t\t\t\t<\/div>\n\t\t<\/div>\n\t\t\t\t\t<\/div>\n\t\t<\/section>\n\t\t\t\t<section class=\"elementor-section elementor-top-section elementor-element elementor-element-13454b9a elementor-section-boxed elementor-section-height-default elementor-section-height-default\" data-id=\"13454b9a\" data-element_type=\"section\" data-e-type=\"section\">\n\t\t\t\t\t\t<div class=\"elementor-container elementor-column-gap-default\">\n\t\t\t\t\t<div class=\"elementor-column elementor-col-100 elementor-top-column elementor-element elementor-element-652b9b30\" data-id=\"652b9b30\" data-element_type=\"column\" data-e-type=\"column\">\n\t\t\t<div class=\"elementor-widget-wrap elementor-element-populated\">\n\t\t\t\t\t\t<div class=\"elementor-element elementor-element-292ac8be elementor-widget elementor-widget-text-editor\" data-id=\"292ac8be\" data-element_type=\"widget\" data-e-type=\"widget\" data-widget_type=\"text-editor.default\">\n\t\t\t\t<div class=\"elementor-widget-container\">\n\t\t\t\t\t\t\t\t\t<p class=\"p1\"><strong data-start=\"50\" data-end=\"76\">Website Privacy Policy<\/strong><br data-start=\"76\" data-end=\"79\" \/><strong data-start=\"79\" data-end=\"105\">Updated April 24, 2025<\/strong><\/p><p>Politique de confidentialit\u00e9 du site web\nMise \u00e0 jour le 24 avril 2025\nLa Fondation de Th\u00e9\u00e2tre Siminovitch reconna\u00eet l&#039;importance de la vie priv\u00e9e pour les\nutilisateurs de son site Web (siminovitchprize.com). Nous nous engageons \u00e0 offrir un\nsite Web qui respecte la vie priv\u00e9e des utilisateurs et qui respecte les exigences\nl\u00e9gislatives en mati\u00e8re de confidentialit\u00e9. Veuillez prendre un moment pour lire cette\npolitique de confidentialit\u00e9 (la \u00abPolitique\u00bb) qui explique comment nous recueillons et\nutilisons vos renseignements personnels et les choix qui s&#039;offrent \u00e0 vous. Cette\npolitique d\u00e9crit la fa\u00e7on de laquelle la Fondation de Th\u00e9\u00e2tre Siminovitch (\u00abnous\u00bb, \u00ab\nnotre\u00bb ou \u00ab nos \u00bb) recueille, enregistre, utilise, divulgue, prot\u00e8ge et traite\ng\u00e9n\u00e9ralement vos renseignements personnels lorsque vous visitez ou utilisez notre\nplateforme. \u00ab Renseignements personnels \u00bb d\u00e9signe tout renseignement qui\n(isol\u00e9ment ou en combinaison avec d&#039;autres renseignements) permet de vous\nidentifier en tant qu&#039;individu ou de vous reconna\u00eetre directement ou indirectement.<\/p><p class=\"p3\"><b>Collecte et Utilisation des Renseignements Personnels<\/b><\/p><p class=\"p3\">Nous pouvons recueillir, stocker et utiliser votre nom, votre courriel, votre num\u00e9ro de\nt\u00e9l\u00e9phone, les t\u00e9moins, les donn\u00e9es de localisation, vos renseignements financiers\n(tels que les renseignements relatifs \u00e0 votre carte de cr\u00e9dit et les d\u00e9tails sur les dons\nque vous avez effectu\u00e9s sur le site Web) et d&#039;autres d\u00e9tails de votre demande ou des\ninformations communiqu\u00e9es quand vous remplissez un formulaire de contact ou\nune demande sur nos sites Web. En utilisant ce site Web et\/ou en nous faisant part\nde ces renseignements, vous consentez \u00e0 ce que nous utilisions ces renseignements\nconform\u00e9ment \u00e0 la pr\u00e9sente Politique, jusqu&#039;\u00e0 ce que vous r\u00e9voquiez votre\nconsentement par \u00e9crit.<\/p><p class=\"p3\">Si nous recueillons des renseignements personnels, <i>tels que d\u00e9finis par la Loi sur la\nprotection des renseignements personnels et les documents \u00e9lectroniques du\nCanada <\/i>(\u00ab Renseignements personnels \u00bb),<i>, <\/i>Si nous recueillons des renseignements personnels, tels que d\u00e9finis par la Loi sur la\nprotection des renseignements personnels et les documents \u00e9lectroniques du\nCanada (\u00ab Renseignements personnels \u00bb), nous le faisons conform\u00e9ment aux lois\ncanadiennes sur la protection de la vie priv\u00e9e et nous nous assurons que tous les tiers (tels que les fournisseurs de services) qui entrent en contact avec vos donn\u00e9es d'utilisateur se sont \u00e9galement engag\u00e9s \u00e0 se conformer \u00e0 ces lois.<\/p><p class=\"p3\">Nous pouvons utiliser vos Renseignements personnels pour :<\/p><ol class=\"ol1\"><li class=\"li1\"><span class=\"s2\">g\u00e9rer nos programmes<\/span><\/li><li class=\"li1\"><span class=\"s2\">r\u00e9pondre \u00e0 vos demandes<\/span><\/li><li class=\"li1\"><span class=\"s2\">communiquer avec vous aux fins d\u00e9crites dans la section \u00ab Utilisation des\nt\u00e9moins et Technologies de suivi \u00bb ci-dessous<\/span><\/li><li class=\"li1\"><span class=\"s2\">vous informer des autres services disponibles par l&#039;interm\u00e9diaire de la Fondation\nde Th\u00e9\u00e2tre Siminovitch<\/span><\/li><li class=\"li1\"><span class=\"s2\">vous envoyer des sondages concernant les programmes en cours ou les\nnouveaux programmes que nous envisageons d&#039;offrir<\/span><\/li><li class=\"li1\"><span class=\"s2\">partager des informations et vous faire part et d\u2019offres<\/span><\/li><li class=\"li1\"><span class=\"s2\">comprendre et analyser les besoins et les pr\u00e9f\u00e9rences de nos utilisateurs<\/span><\/li><\/ol><p class=\"p1\">La Fondation de Th\u00e9\u00e2tre Siminovitch ne vendra ni ne louera pas les Renseignements\npersonnels d&#039;un utilisateur obtenus via le site Web \u00e0 aucune autre organisation. Nous\npouvons divulguer vos Renseignements personnels \u00e0 nos fournisseurs tiers (par\nexemple, les h\u00e9bergeurs de sites Web, les processeurs de paiement, etc.), ou en\nr\u00e9ponse \u00e0 un mandat de perquisition ou \u00e0 toute autre enqu\u00eate ou ordonnance\njuridiquement valable, ou \u00e0 un autre organisme menant une enqu\u00eate sur un\nmanquement \u00e0 un accord ou une infraction \u00e0 une loi, ou afin de d\u00e9tecter, de\nsupprimer ou de pr\u00e9venir la fraude, ou tel qu\u2019autrement requis ou autoris\u00e9 par les\nlois du Canada ou de tout autre juridiction comp\u00e9tente. Cela peut inclure l&#039;acc\u00e8s\nl\u00e9gal par les tribunaux, les forces de l&#039;ordre ou d&#039;autres autorit\u00e9s gouvernementales.\nVos Renseignements personnels peuvent \u00e9galement \u00eatre divulgu\u00e9s, le cas \u00e9ch\u00e9ant,\naux fins de faire valoir, exercer ou pr\u00e9senter une d\u00e9fense \u00e0 l\u2019\u00e9gard d\u2019actions en\njustice, ainsi qu\u2019afin d\u2019enqu\u00eater ou de pr\u00e9venir des pertes ou des dommages r\u00e9els ou\npr\u00e9sum\u00e9s \u00e0 des personnes ou \u00e0 des biens. Lorsque la loi applicable l&#039;exige ou le\npermet, nous pouvons partager des renseignements pour d&#039;autres raisons que nous\nvous divulguons.<span class=\"Apple-converted-space\">\u00a0 <\/span>Nous pouvons divulguer vos renseignements personnels \u00e0 des fournisseurs de services tiers (par exemple, des h\u00e9bergeurs de sites Web, des processeurs de paiements, etc.), ou en r\u00e9ponse \u00e0 un mandat de perquisition ou \u00e0 toute autre demande ou ordonnance juridiquement valide, ou encore \u00e0 une autre organisation dans le cadre d\u2019une enqu\u00eate sur une violation d\u2019un accord ou une infraction \u00e0 la loi, ou pour d\u00e9tecter, r\u00e9primer ou pr\u00e9venir la fraude, ou selon ce qui est autrement requis ou permis par les lois du Canada ou de tout autre pays ayant comp\u00e9tence. Cela peut inclure un acc\u00e8s l\u00e9gal par les tribunaux, les forces de l\u2019ordre ou d\u2019autres autorit\u00e9s gouvernementales. Vos renseignements personnels peuvent \u00e9galement \u00eatre divulgu\u00e9s lorsqu\u2019ils sont n\u00e9cessaires \u00e0 l\u2019\u00e9tablissement, \u00e0 l\u2019exercice ou \u00e0 la d\u00e9fense de droits juridiques, ainsi qu\u2019\u00e0 l\u2019enqu\u00eate ou \u00e0 la pr\u00e9vention de pertes ou de pr\u00e9judices r\u00e9els ou pr\u00e9sum\u00e9s caus\u00e9s \u00e0 des personnes ou \u00e0 des biens. Lorsque la loi applicable l\u2019exige ou le permet, nous pouvons \u00e9galement partager ces renseignements pour d\u2019autres raisons que nous vous communiquerons.<\/p><p class=\"p3\">La Fondation de Th\u00e9\u00e2tre Siminovitch peut recueillir des informations au sujet de votre\nvisite sur siminovitchprize.com, tel que d\u00e9crit dans la section \u00ab Utilisation des t\u00e9moins et des technologies de suivi \u00bb ci-dessous. En utilisant ou en acc\u00e9dant \u00e0 nos sites\nWeb, vous consentez \u00e0 ce que nous recueillions et utilisions ces informations\nconform\u00e9ment \u00e0 la pr\u00e9sente Politique.<\/p><p class=\"p3\"><b>Utilisation des t\u00e9moins et des technologies de suivi<\/b><\/p><p class=\"p3\">La Fondation de Th\u00e9\u00e2tre Siminovitch utilise des t\u00e9moins et d'autres technologies de suivi\nsimilaires pour recueillir des informations sur votre visite sur siminovitchprize.com,\nvous distinguer des autres visiteurs et mesurer l'efficacit\u00e9 ou la performance de nos\nsites Web et de nos publicit\u00e9s.<\/p><p class=\"p3\">Les t\u00e9moins sont de petits fichiers texte qui s\u2019inscrivent sur votre ordinateur ou votre\nappareil portatif \u00e0 partir de sites Web afin d\u2019enregistrer des informations sur votre\nutilisation de nos sites ou sur votre appareil lorsque vous revenez sur ce site Web.<\/p><p class=\"p3\">La Fondation de Th\u00e9\u00e2tre Siminovitch peut recueillir les renseignements suivants au\nsujet de votre visite sur www.siminovitchprize.com : votre adresse de protocole\nInternet (IP) et l'emplacement g\u00e9ographique g\u00e9n\u00e9ral associ\u00e9 \u00e0 votre adresse IP (dite\nla g\u00e9olocalisation IP), votre fournisseur de r\u00e9seau, des informations sur votre\nordinateur ou votre appareil portatif telles que le mod\u00e8le de votre appareil ou le type\nde navigateur, la totalit\u00e9 du parcours de navigation avec les localisateurs de\nressources uniformes (URL) vers, sur et depuis www.siminovitchprize.com, y compris\nla date, l'heure et la dur\u00e9e de votre visite, si vous visitez nos sites pour la premi\u00e8re fois\nou si vous \u00eates un visiteur r\u00e9current, le contenu que vous avez consult\u00e9 et recherch\u00e9,\nvos habitudes de clic, de frappe de touches, de saisie et de d\u00e9filement de la souris,\nles images enregistr\u00e9es telles que les formulaires que vous avez remplis, et vos\nint\u00e9r\u00eats et donn\u00e9es d\u00e9mographiques. La Fondation du Th\u00e9\u00e2tre Siminovitch utilise des\nanalyses de tiers pour cr\u00e9er des rapports et des statistiques sur les visites sur nos\nsites Web.<\/p><p class=\"p3\">Vous pouvez d\u00e9sactiver les t\u00e9moins dans les param\u00e8tres de votre navigateur et\nvider votre cache des t\u00e9moins pr\u00e9c\u00e9demment install\u00e9s. <a href=\"https:\/\/support.google.com\/analytics\/answer\/181881?hl=en-GB\"><span class=\"s3\">Google Analytics opt-out browser add-on<\/span><\/a>En plus de d\u00e9sactiver les\nt\u00e9moins, vous pouvez \u00e9galement activer le module compl\u00e9mentaire de navigateur\npour la d\u00e9sactivation de Google Analytics, qui emp\u00eache Google Analytics de\nrecueillir des informations sur vos visites sur le site Web.<\/p><p class=\"p3\"><b>P\u00e9riode de conservation de vos renseignements personnels<\/b><\/p><p class=\"p3\">Nous ne conserverons vos Renseignements personnels que pour la p\u00e9riode\nn\u00e9cessaire afin d\u2019atteindre les objectifs d\u00e9crits dans la pr\u00e9sente Politique, \u00e0 moins\nqu&#039;une p\u00e9riode de conservation plus longue ne soit requise ou permise par la loi (tel\nque des exigences fiscales, comptables ou autres exigences l\u00e9gales). La dur\u00e9e de\nconservation de vos Renseignements personnels d\u00e9pend du type de renseignement\net de la finalit\u00e9 pour laquelle nous traitons vos renseignements.<\/p><p class=\"p3\"><b>Vos droits<\/b><\/p><p class=\"p3\">VOUS AVEZ LE DROIT DE :<\/p><ul class=\"ul1\"><li class=\"li1\"><span class=\"s2\">Demander l&#039;acc\u00e8s \u00e0 ou la correction de vos Renseignements personnels sous\nnotre garde ou notre contr\u00f4le.<\/span><\/li><li class=\"li1\"><span class=\"s2\">Demander des \u00e9claircissements sur la fa\u00e7on dont nous avons utilis\u00e9 et divulgu\u00e9\nvos renseignements personnels.<\/span><\/li><li class=\"li1\"><span class=\"s2\">Demander la suppression ou l\u2019oubli de vos Renseignements personnels de nos\ndossiers.<\/span><\/li><li class=\"li1\"><span class=\"s2\">Retirez votre consentement \u00e0 la cueillette, \u00e0 l&#039;utilisation ou \u00e0 la divulgation de vos\nRenseignements personnels.<\/span><\/li><\/ul><p class=\"p3\">Si vous souhaitez exercer l&#039;un de ces droits, veuillez nous contacter tel que d\u00e9crit\ndans la section Nous contacter ci-dessous. Veuillez noter que ces droits sont soumis\n\u00e0 certaines restrictions et que nous pouvons prendre des mesures raisonnables\ndans le but de v\u00e9rifier votre identit\u00e9 avant de r\u00e9pondre \u00e0 votre demande.<\/p><p class=\"p3\"><b>Changements \u00e0 cette Politique<\/b><\/p><p class=\"p3\">La Fondation de Th\u00e9\u00e2tre Siminovitch vous encourage \u00e0 revoir p\u00e9riodiquement cette\nPolitique. La date de la derni\u00e8re mise \u00e0 jour de cette Politique s\u2019affichera au-dessus\nde la Politique. Votre utilisation continue de notre site Web apr\u00e8s la publication des\nnouvelles conditions constituera votre acceptation de celles-ci.<\/p><p class=\"p3\"><b>Aucune responsabilit\u00e9 pour les tiers<\/b><\/p><p class=\"p3\">Nous d\u00e9clinons toute responsabilit\u00e9 pour les actes, les omissions et la conduite de\ntout tiers. En aucun cas, nous, nos employ\u00e9s, dirigeants, administrateurs, agents,\n\nconc\u00e9dants de licence, ou leurs successeurs et ayants droit respectifs, ne serons\nresponsables envers vous de toute blessure, perte, dommage ou d\u00e9pense d\u00e9coulant\nde quelque mani\u00e8re que ce soit :<\/p><ol class=\"ol1\"><li class=\"li1\"><span class=\"s2\">des actes, omissions ou comportements de tout tiers ; ou<\/span><\/li><li class=\"li1\"><span class=\"s2\">de tout acc\u00e8s, utilisation, recours ou incapacit\u00e9 \u00e0 utiliser tout mat\u00e9riel, contenu,\nbien ou service d\u2019un tiers offert sur ou par le biais de nos sites Web, quelle qu&#039;en\nsoit la cause et qu&#039;il r\u00e9sulte d&#039;un contrat, d&#039;un d\u00e9lit ou autre. <\/span><\/li><\/ol><p class=\"p3\">Les limitations pr\u00e9vues dans cette section s&#039;appliquent m\u00eame si nous savions ou\naurions d\u00fb savoir que tels dommages \u00e9taient possibles.<\/p><p class=\"p3\"><b>Contactez-nous<\/b><\/p><p class=\"p1\">Si vous avez des questions ou des pr\u00e9occupations concernant la pr\u00e9sente Politique\nou sur la mani\u00e8re dont nous ou nos fournisseurs de services traitons vos\nRenseignements personnels, ou si vous d\u00e9sirez exercer l&#039;un de vos droits ou choix en\nce qui concerne vos Renseignements personnels, veuillez contacter la directrice\nex\u00e9cutive, responsable de la confidentialit\u00e9, \u00e0 l&#039;adresse ci-dessous.<\/p><p class=\"p1\">info@siminovitchprize.com<\/p><p class=\"p1\">18 King Street East, Suite 1400<\/p><p class=\"p1\">Toronto, ON<\/p><p class=\"p1\">M5C 1C4<\/p><p><!-- \/wp:paragraph --><\/p>\t\t\t\t\t\t\t\t<\/div>\n\t\t\t\t<\/div>\n\t\t\t\t\t<\/div>\n\t\t<\/div>\n\t\t\t\t\t<\/div>\n\t\t<\/section>\n\t\t\t\t<\/div>","protected":false},"excerpt":{"rendered":"<p>Privacy Policy Image: Name, Title, Description Scroll Down\u00a0 \u00a0 \u2192 Website Privacy PolicyUpdated April 24, 2025 The Siminovitch Theatre Foundation recognizes the importance of privacy to users of its website (siminovitchprize.com). We are committed to offering a website that respects user privacy and adheres to legislative requirements with respect to privacy. Please take a moment [&hellip;]<\/p>\n","protected":false},"author":1,"featured_media":0,"parent":0,"menu_order":0,"comment_status":"closed","ping_status":"closed","template":"elementor_header_footer","meta":{"_acf_changed":false,"footnotes":""},"class_list":["post-3","page","type-page","status-publish","hentry"],"acf":[],"yoast_head":"<!-- This site is optimized with the Yoast SEO plugin v27.4 - https:\/\/yoast.com\/product\/yoast-seo-wordpress\/ -->\n<title>Privacy Policy - Siminovitch Theatre Foundation<\/title>\n<meta name=\"description\" content=\"Full privacy policy for the Siminovitch Theatre Foundation, compliant with Canadian privacy laws including PIPEDA and CASL. Learn about our data collection practices.\" \/>\n<meta name=\"robots\" content=\"index, follow, max-snippet:-1, max-image-preview:large, max-video-preview:-1\" \/>\n<link rel=\"canonical\" href=\"https:\/\/siminovitchprize.com\/fr\/privacy-policy-siminovitch-prize-pipeda-compliance\/\" \/>\n<meta property=\"og:locale\" content=\"fr_CA\" \/>\n<meta property=\"og:type\" content=\"article\" \/>\n<meta property=\"og:title\" content=\"Privacy Policy - Siminovitch Theatre Foundation\" \/>\n<meta property=\"og:description\" content=\"Full privacy policy for the Siminovitch Theatre Foundation, compliant with Canadian privacy laws including PIPEDA and CASL. Learn about our data collection practices.\" \/>\n<meta property=\"og:url\" content=\"https:\/\/siminovitchprize.com\/fr\/privacy-policy-siminovitch-prize-pipeda-compliance\/\" \/>\n<meta property=\"og:site_name\" content=\"Siminovitch Theatre Foundation\" \/>\n<meta property=\"article:modified_time\" content=\"2026-01-28T20:32:12+00:00\" \/>\n<meta name=\"twitter:card\" content=\"summary_large_image\" \/>\n<meta name=\"twitter:label1\" content=\"Estimation du temps de lecture\" \/>\n\t<meta name=\"twitter:data1\" content=\"6 minutes\" \/>\n<script type=\"application\/ld+json\" class=\"yoast-schema-graph\">{\"@context\":\"https:\\\/\\\/schema.org\",\"@graph\":[{\"@type\":\"WebPage\",\"@id\":\"https:\\\/\\\/siminovitchprize.com\\\/privacy-policy-siminovitch-prize-pipeda-compliance\\\/\",\"url\":\"https:\\\/\\\/siminovitchprize.com\\\/privacy-policy-siminovitch-prize-pipeda-compliance\\\/\",\"name\":\"Privacy Policy - Siminovitch Theatre Foundation\",\"isPartOf\":{\"@id\":\"https:\\\/\\\/siminovitchprize.com\\\/#website\"},\"datePublished\":\"2023-08-21T13:57:06+00:00\",\"dateModified\":\"2026-01-28T20:32:12+00:00\",\"description\":\"Full privacy policy for the Siminovitch Theatre Foundation, compliant with Canadian privacy laws including PIPEDA and CASL. Learn about our data collection practices.\",\"breadcrumb\":{\"@id\":\"https:\\\/\\\/siminovitchprize.com\\\/privacy-policy-siminovitch-prize-pipeda-compliance\\\/#breadcrumb\"},\"inLanguage\":\"fr-CA\",\"potentialAction\":[{\"@type\":\"ReadAction\",\"target\":[\"https:\\\/\\\/siminovitchprize.com\\\/privacy-policy-siminovitch-prize-pipeda-compliance\\\/\"]}]},{\"@type\":\"BreadcrumbList\",\"@id\":\"https:\\\/\\\/siminovitchprize.com\\\/privacy-policy-siminovitch-prize-pipeda-compliance\\\/#breadcrumb\",\"itemListElement\":[{\"@type\":\"ListItem\",\"position\":1,\"name\":\"Home\",\"item\":\"https:\\\/\\\/siminovitchprize.com\\\/\"},{\"@type\":\"ListItem\",\"position\":2,\"name\":\"Privacy Policy\"}]},{\"@type\":\"WebSite\",\"@id\":\"https:\\\/\\\/siminovitchprize.com\\\/#website\",\"url\":\"https:\\\/\\\/siminovitchprize.com\\\/\",\"name\":\"Siminovitch Theatre Foundation\",\"description\":\"Uplifting Canada\u2019s Groundbreaking Theatre Artists\",\"potentialAction\":[{\"@type\":\"SearchAction\",\"target\":{\"@type\":\"EntryPoint\",\"urlTemplate\":\"https:\\\/\\\/siminovitchprize.com\\\/?s={search_term_string}\"},\"query-input\":{\"@type\":\"PropertyValueSpecification\",\"valueRequired\":true,\"valueName\":\"search_term_string\"}}],\"inLanguage\":\"fr-CA\"}]}<\/script>\n<!-- \/ Yoast SEO plugin. -->","yoast_head_json":{"title":"Privacy Policy - Siminovitch Theatre Foundation","description":"Full privacy policy for the Siminovitch Theatre Foundation, compliant with Canadian privacy laws including PIPEDA and CASL. Learn about our data collection practices.","robots":{"index":"index","follow":"follow","max-snippet":"max-snippet:-1","max-image-preview":"max-image-preview:large","max-video-preview":"max-video-preview:-1"},"canonical":"https:\/\/siminovitchprize.com\/fr\/privacy-policy-siminovitch-prize-pipeda-compliance\/","og_locale":"fr_CA","og_type":"article","og_title":"Privacy Policy - Siminovitch Theatre Foundation","og_description":"Full privacy policy for the Siminovitch Theatre Foundation, compliant with Canadian privacy laws including PIPEDA and CASL. Learn about our data collection practices.","og_url":"https:\/\/siminovitchprize.com\/fr\/privacy-policy-siminovitch-prize-pipeda-compliance\/","og_site_name":"Siminovitch Theatre Foundation","article_modified_time":"2026-01-28T20:32:12+00:00","twitter_card":"summary_large_image","twitter_misc":{"Estimation du temps de lecture":"6 minutes"},"schema":{"@context":"https:\/\/schema.org","@graph":[{"@type":"WebPage","@id":"https:\/\/siminovitchprize.com\/privacy-policy-siminovitch-prize-pipeda-compliance\/","url":"https:\/\/siminovitchprize.com\/privacy-policy-siminovitch-prize-pipeda-compliance\/","name":"Privacy Policy - Siminovitch Theatre Foundation","isPartOf":{"@id":"https:\/\/siminovitchprize.com\/#website"},"datePublished":"2023-08-21T13:57:06+00:00","dateModified":"2026-01-28T20:32:12+00:00","description":"Full privacy policy for the Siminovitch Theatre Foundation, compliant with Canadian privacy laws including PIPEDA and CASL. Learn about our data collection practices.","breadcrumb":{"@id":"https:\/\/siminovitchprize.com\/privacy-policy-siminovitch-prize-pipeda-compliance\/#breadcrumb"},"inLanguage":"fr-CA","potentialAction":[{"@type":"ReadAction","target":["https:\/\/siminovitchprize.com\/privacy-policy-siminovitch-prize-pipeda-compliance\/"]}]},{"@type":"BreadcrumbList","@id":"https:\/\/siminovitchprize.com\/privacy-policy-siminovitch-prize-pipeda-compliance\/#breadcrumb","itemListElement":[{"@type":"ListItem","position":1,"name":"Home","item":"https:\/\/siminovitchprize.com\/"},{"@type":"ListItem","position":2,"name":"Privacy Policy"}]},{"@type":"WebSite","@id":"https:\/\/siminovitchprize.com\/#website","url":"https:\/\/siminovitchprize.com\/","name":"La Fondation de th\u00e9\u00e2tre Siminovitch","description":"Sublimant les artistes de th\u00e9\u00e2tre innovateurs du Canada","potentialAction":[{"@type":"SearchAction","target":{"@type":"EntryPoint","urlTemplate":"https:\/\/siminovitchprize.com\/?s={search_term_string}"},"query-input":{"@type":"PropertyValueSpecification","valueRequired":true,"valueName":"search_term_string"}}],"inLanguage":"fr-CA"}]}},"_links":{"self":[{"href":"https:\/\/siminovitchprize.com\/fr\/wp-json\/wp\/v2\/pages\/3","targetHints":{"allow":["GET"]}}],"collection":[{"href":"https:\/\/siminovitchprize.com\/fr\/wp-json\/wp\/v2\/pages"}],"about":[{"href":"https:\/\/siminovitchprize.com\/fr\/wp-json\/wp\/v2\/types\/page"}],"author":[{"embeddable":true,"href":"https:\/\/siminovitchprize.com\/fr\/wp-json\/wp\/v2\/users\/1"}],"replies":[{"embeddable":true,"href":"https:\/\/siminovitchprize.com\/fr\/wp-json\/wp\/v2\/comments?post=3"}],"version-history":[{"count":21,"href":"https:\/\/siminovitchprize.com\/fr\/wp-json\/wp\/v2\/pages\/3\/revisions"}],"predecessor-version":[{"id":29234,"href":"https:\/\/siminovitchprize.com\/fr\/wp-json\/wp\/v2\/pages\/3\/revisions\/29234"}],"wp:attachment":[{"href":"https:\/\/siminovitchprize.com\/fr\/wp-json\/wp\/v2\/media?parent=3"}],"curies":[{"name":"wp","href":"https:\/\/api.w.org\/{rel}","templated":true}]}}